{"id":1443,"date":"2025-01-22T10:59:17","date_gmt":"2025-01-22T10:59:17","guid":{"rendered":"https:\/\/boni-chocolade2024.stg.amphion.be\/recettes\/"},"modified":"2025-02-07T12:29:32","modified_gmt":"2025-02-07T12:29:32","slug":"recettes","status":"publish","type":"page","link":"https:\/\/boni-chocolade2024.stg.amphion.be\/fr\/recettes\/","title":{"rendered":"Recettes"},"content":{"rendered":"<p>[et_pb_section fb_built=\u00a0\u00bb1&Prime; custom_padding_last_edited=\u00a0\u00bbon|tablet\u00a0\u00bb _builder_version=\u00a0\u00bb4.27.2&Prime; _module_preset=\u00a0\u00bbdefault\u00a0\u00bb background_color=\u00a0\u00bb#fdf6ed\u00a0\u00bb custom_padding=\u00a0\u00bb10rem||5rem||false|false\u00a0\u00bb custom_padding_tablet=\u00a0\u00bb8rem||4rem||false|false\u00a0\u00bb custom_padding_phone=\u00a0\u00bb4rem||1rem||false|false\u00a0\u00bb global_colors_info=\u00a0\u00bb{}\u00a0\u00bb][et_pb_row custom_padding_last_edited=\u00a0\u00bbon|phone\u00a0\u00bb module_class=\u00a0\u00bbuw-row\u00a0\u00bb _builder_version=\u00a0\u00bb4.27.2&Prime; _module_preset=\u00a0\u00bbdefault\u00a0\u00bb width=\u00a0\u00bb100%\u00a0\u00bb max_width=\u00a0\u00bb100%\u00a0\u00bb custom_padding=\u00a0\u00bb|40px||40px|false|true\u00a0\u00bb custom_padding_tablet=\u00a0\u00bb|30px||30px|false|true\u00a0\u00bb custom_padding_phone=\u00a0\u00bb|20px||20px|false|true\u00a0\u00bb locked=\u00a0\u00bboff\u00a0\u00bb global_colors_info=\u00a0\u00bb{}\u00a0\u00bb][et_pb_column type=\u00a0\u00bb4_4&Prime; _builder_version=\u00a0\u00bb4.27.2&Prime; _module_preset=\u00a0\u00bbdefault\u00a0\u00bb global_colors_info=\u00a0\u00bb{}\u00a0\u00bb][et_pb_text module_class=\u00a0\u00bbjs-fade-in\u00a0\u00bb _builder_version=\u00a0\u00bb4.27.2&Prime; _module_preset=\u00a0\u00bba7d888a0-a3b7-4c93-9893-91c837e43883&Prime; header_2_text_align=\u00a0\u00bbcenter\u00a0\u00bb header_2_text_color=\u00a0\u00bb#3a976f\u00a0\u00bb max_width_tablet=\u00a0\u00bb100%\u00a0\u00bb max_width_phone=\u00a0\u00bb500px\u00a0\u00bb max_width_last_edited=\u00a0\u00bbon|tablet\u00a0\u00bb module_alignment=\u00a0\u00bbcenter\u00a0\u00bb custom_margin=\u00a0\u00bb||0.5em||false|false\u00a0\u00bb custom_margin_tablet=\u00a0\u00bb||0.5em||false|false\u00a0\u00bb custom_margin_phone=\u00a0\u00bb||0.8em||false|false\u00a0\u00bb custom_margin_last_edited=\u00a0\u00bbon|phone\u00a0\u00bb global_colors_info=\u00a0\u00bb{}\u00a0\u00bb]<\/p>\n<h2>D\u00e9licieuses recettes v\u00e9g\u00e9tales<\/h2>\n<p>[\/et_pb_text][et_pb_text module_class=\u00a0\u00bbjs-fade-in\u00a0\u00bb _builder_version=\u00a0\u00bb4.27.2&Prime; _module_preset=\u00a0\u00bba7d888a0-a3b7-4c93-9893-91c837e43883&Prime; text_orientation=\u00a0\u00bbcenter\u00a0\u00bb max_width=\u00a0\u00bb550px\u00a0\u00bb max_width_tablet=\u00a0\u00bb600px\u00a0\u00bb max_width_phone=\u00a0\u00bb600px\u00a0\u00bb max_width_last_edited=\u00a0\u00bbon|tablet\u00a0\u00bb module_alignment=\u00a0\u00bbcenter\u00a0\u00bb custom_margin=\u00a0\u00bb||4rem||false|false\u00a0\u00bb custom_margin_tablet=\u00a0\u00bb||3rem||false|false\u00a0\u00bb custom_margin_phone=\u00a0\u00bb||1.5rem||false|false\u00a0\u00bb custom_margin_last_edited=\u00a0\u00bbon|tablet\u00a0\u00bb global_colors_info=\u00a0\u00bb{}\u00a0\u00bb]<\/p>\n<p>Un simple petit-d\u00e9jeuner, des spaghettis le vendredi ou des burgers entre amis ? Avec Boni Plan\u2019t, vous transformez chaque moment en r\u00e9gal v\u00e9g\u00e9tal. Laissez-vous inspirer par nos recettes.<\/p>\n<p>[\/et_pb_text][et_pb_code _builder_version=\u00a0\u00bb4.27.2&Prime; _module_preset=\u00a0\u00bbdefault\u00a0\u00bb custom_margin=\u00a0\u00bb||30px||false|false\u00a0\u00bb custom_margin_tablet=\u00a0\u00bb||30px||false|false\u00a0\u00bb custom_margin_phone=\u00a0\u00bb||20px||false|false\u00a0\u00bb custom_margin_last_edited=\u00a0\u00bbon|phone\u00a0\u00bb global_colors_info=\u00a0\u00bb{}\u00a0\u00bb][\/et_pb_code][et_pb_custblog include_categories_category=\u00a0\u00bb1,22,23,24,25,26&Prime; posts_number=\u00a0\u00bb12&Prime; use_manual_excerpt=\u00a0\u00bboff\u00a0\u00bb _builder_version=\u00a0\u00bb4.27.2&Prime; _module_preset=\u00a0\u00bba78387a2-8318-47bb-981b-a51b82905c07&Prime; hover_enabled=\u00a0\u00bb0&Prime; global_colors_info=\u00a0\u00bb{}\u00a0\u00bb module_id=\u00a0\u00bbrecipes-block\u00a0\u00bb sticky_enabled=\u00a0\u00bb0&Prime;][\/et_pb_custblog][\/et_pb_column][\/et_pb_row][\/et_pb_section]<\/p>\n","protected":false},"excerpt":{"rendered":"<p>D\u00e9licieuses recettes v\u00e9g\u00e9talesUn simple petit-d\u00e9jeuner, des spaghettis le vendredi ou des burgers entre amis ? Avec Boni Plan\u2019t, vous transformez chaque moment en r\u00e9gal v\u00e9g\u00e9tal. Laissez-vous inspirer par nos recettes.<\/p>\n","protected":false},"author":1,"featured_media":0,"parent":0,"menu_order":0,"comment_status":"closed","ping_status":"closed","template":"","meta":{"_acf_changed":false,"_et_pb_use_builder":"on","_et_pb_old_content":"","_et_gb_content_width":"","footnotes":""},"dipi_cpt_category":[],"class_list":["post-1443","page","type-page","status-publish","hentry"],"acf":[],"yoast_head":"<!-- This site is optimized with the Yoast SEO plugin v27.3 - https:\/\/yoast.com\/product\/yoast-seo-wordpress\/ -->\n<title>Recettes - Boni Chocolade 2024<\/title>\n<meta name=\"robots\" content=\"noindex, follow, max-snippet:-1, max-image-preview:large, max-video-preview:-1\" \/>\n<meta property=\"og:locale\" content=\"fr_FR\" \/>\n<meta property=\"og:type\" content=\"article\" \/>\n<meta property=\"og:title\" content=\"Recettes - Boni Chocolade 2024\" \/>\n<meta property=\"og:description\" content=\"D\u00e9licieuses recettes v\u00e9g\u00e9talesUn simple petit-d\u00e9jeuner, des spaghettis le vendredi ou des burgers entre amis ? Avec Boni Plan\u2019t, vous transformez chaque moment en r\u00e9gal v\u00e9g\u00e9tal. Laissez-vous inspirer par nos recettes.\" \/>\n<meta property=\"og:site_name\" content=\"Boni Chocolade 2024\" \/>\n<meta property=\"article:modified_time\" content=\"2025-02-07T12:29:32+00:00\" \/>\n<meta name=\"twitter:card\" content=\"summary_large_image\" \/>\n<meta name=\"twitter:label1\" content=\"Est. reading time\" \/>\n\t<meta name=\"twitter:data1\" content=\"2 minutes\" \/>\n<script type=\"application\/ld+json\" class=\"yoast-schema-graph\">{\"@context\":\"https:\\\/\\\/schema.org\",\"@graph\":[{\"@type\":\"WebPage\",\"@id\":\"https:\\\/\\\/boni-chocolade2024.stg.amphion.be\\\/fr\\\/recettes\\\/\",\"url\":\"https:\\\/\\\/boni-chocolade2024.stg.amphion.be\\\/fr\\\/recettes\\\/\",\"name\":\"Recettes - Boni Chocolade 2024\",\"isPartOf\":{\"@id\":\"https:\\\/\\\/boni-chocolade2024.stg.amphion.be\\\/fr\\\/#website\"},\"datePublished\":\"2025-01-22T10:59:17+00:00\",\"dateModified\":\"2025-02-07T12:29:32+00:00\",\"breadcrumb\":{\"@id\":\"https:\\\/\\\/boni-chocolade2024.stg.amphion.be\\\/fr\\\/recettes\\\/#breadcrumb\"},\"inLanguage\":\"fr-FR\",\"potentialAction\":[{\"@type\":\"ReadAction\",\"target\":[\"https:\\\/\\\/boni-chocolade2024.stg.amphion.be\\\/fr\\\/recettes\\\/\"]}]},{\"@type\":\"BreadcrumbList\",\"@id\":\"https:\\\/\\\/boni-chocolade2024.stg.amphion.be\\\/fr\\\/recettes\\\/#breadcrumb\",\"itemListElement\":[{\"@type\":\"ListItem\",\"position\":1,\"name\":\"Home\",\"item\":\"https:\\\/\\\/boni-chocolade2024.stg.amphion.be\\\/fr\\\/\"},{\"@type\":\"ListItem\",\"position\":2,\"name\":\"Recettes\"}]},{\"@type\":\"WebSite\",\"@id\":\"https:\\\/\\\/boni-chocolade2024.stg.amphion.be\\\/fr\\\/#website\",\"url\":\"https:\\\/\\\/boni-chocolade2024.stg.amphion.be\\\/fr\\\/\",\"name\":\"Boni Chocolade 2024\",\"description\":\"\",\"potentialAction\":[{\"@type\":\"SearchAction\",\"target\":{\"@type\":\"EntryPoint\",\"urlTemplate\":\"https:\\\/\\\/boni-chocolade2024.stg.amphion.be\\\/fr\\\/?s={search_term_string}\"},\"query-input\":{\"@type\":\"PropertyValueSpecification\",\"valueRequired\":true,\"valueName\":\"search_term_string\"}}],\"inLanguage\":\"fr-FR\"}]}<\/script>\n<!-- \/ Yoast SEO plugin. -->","yoast_head_json":{"title":"Recettes - Boni Chocolade 2024","robots":{"index":"noindex","follow":"follow","max-snippet":"max-snippet:-1","max-image-preview":"max-image-preview:large","max-video-preview":"max-video-preview:-1"},"og_locale":"fr_FR","og_type":"article","og_title":"Recettes - Boni Chocolade 2024","og_description":"D\u00e9licieuses recettes v\u00e9g\u00e9talesUn simple petit-d\u00e9jeuner, des spaghettis le vendredi ou des burgers entre amis ? Avec Boni Plan\u2019t, vous transformez chaque moment en r\u00e9gal v\u00e9g\u00e9tal. Laissez-vous inspirer par nos recettes.","og_site_name":"Boni Chocolade 2024","article_modified_time":"2025-02-07T12:29:32+00:00","twitter_card":"summary_large_image","twitter_misc":{"Est. reading time":"2 minutes"},"schema":{"@context":"https:\/\/schema.org","@graph":[{"@type":"WebPage","@id":"https:\/\/boni-chocolade2024.stg.amphion.be\/fr\/recettes\/","url":"https:\/\/boni-chocolade2024.stg.amphion.be\/fr\/recettes\/","name":"Recettes - Boni Chocolade 2024","isPartOf":{"@id":"https:\/\/boni-chocolade2024.stg.amphion.be\/fr\/#website"},"datePublished":"2025-01-22T10:59:17+00:00","dateModified":"2025-02-07T12:29:32+00:00","breadcrumb":{"@id":"https:\/\/boni-chocolade2024.stg.amphion.be\/fr\/recettes\/#breadcrumb"},"inLanguage":"fr-FR","potentialAction":[{"@type":"ReadAction","target":["https:\/\/boni-chocolade2024.stg.amphion.be\/fr\/recettes\/"]}]},{"@type":"BreadcrumbList","@id":"https:\/\/boni-chocolade2024.stg.amphion.be\/fr\/recettes\/#breadcrumb","itemListElement":[{"@type":"ListItem","position":1,"name":"Home","item":"https:\/\/boni-chocolade2024.stg.amphion.be\/fr\/"},{"@type":"ListItem","position":2,"name":"Recettes"}]},{"@type":"WebSite","@id":"https:\/\/boni-chocolade2024.stg.amphion.be\/fr\/#website","url":"https:\/\/boni-chocolade2024.stg.amphion.be\/fr\/","name":"Boni Chocolade 2024","description":"","potentialAction":[{"@type":"SearchAction","target":{"@type":"EntryPoint","urlTemplate":"https:\/\/boni-chocolade2024.stg.amphion.be\/fr\/?s={search_term_string}"},"query-input":{"@type":"PropertyValueSpecification","valueRequired":true,"valueName":"search_term_string"}}],"inLanguage":"fr-FR"}]}},"_links":{"self":[{"href":"https:\/\/boni-chocolade2024.stg.amphion.be\/fr\/wp-json\/wp\/v2\/pages\/1443","targetHints":{"allow":["GET"]}}],"collection":[{"href":"https:\/\/boni-chocolade2024.stg.amphion.be\/fr\/wp-json\/wp\/v2\/pages"}],"about":[{"href":"https:\/\/boni-chocolade2024.stg.amphion.be\/fr\/wp-json\/wp\/v2\/types\/page"}],"author":[{"embeddable":true,"href":"https:\/\/boni-chocolade2024.stg.amphion.be\/fr\/wp-json\/wp\/v2\/users\/1"}],"replies":[{"embeddable":true,"href":"https:\/\/boni-chocolade2024.stg.amphion.be\/fr\/wp-json\/wp\/v2\/comments?post=1443"}],"version-history":[{"count":2,"href":"https:\/\/boni-chocolade2024.stg.amphion.be\/fr\/wp-json\/wp\/v2\/pages\/1443\/revisions"}],"predecessor-version":[{"id":1445,"href":"https:\/\/boni-chocolade2024.stg.amphion.be\/fr\/wp-json\/wp\/v2\/pages\/1443\/revisions\/1445"}],"wp:attachment":[{"href":"https:\/\/boni-chocolade2024.stg.amphion.be\/fr\/wp-json\/wp\/v2\/media?parent=1443"}],"wp:term":[{"taxonomy":"dipi_cpt_category","embeddable":true,"href":"https:\/\/boni-chocolade2024.stg.amphion.be\/fr\/wp-json\/wp\/v2\/dipi_cpt_category?post=1443"}],"curies":[{"name":"wp","href":"https:\/\/api.w.org\/{rel}","templated":true}]}}